{"id":2483,"date":"2020-03-11T04:05:50","date_gmt":"2020-03-11T08:05:50","guid":{"rendered":"http:\/\/earthcaravan.sakura.ne.jp\/earthcaravan_net\/?page_id=2483"},"modified":"2020-04-01T12:22:26","modified_gmt":"2020-04-01T16:22:26","slug":"earth-caravan-2019-2020","status":"publish","type":"page","link":"https:\/\/earthcaravan.net\/de\/earth-caravan-2019-2020\/","title":{"rendered":"Earth Caravan 2019-2020"},"content":{"rendered":"<div data-elementor-type=\"wp-page\" data-elementor-id=\"2483\" class=\"elementor elementor-2483\" data-elementor-post-type=\"page\">\n\t\t\t\t\t\t<section class=\"elementor-section elementor-top-section elementor-element elementor-element-8f0786d elementor-section-full_width elementor-section-height-default elementor-section-height-default\" data-id=\"8f0786d\" data-element_type=\"section\">\n\t\t\t\t\t\t<div class=\"elementor-container elementor-column-gap-default\">\n\t\t\t\t\t<div class=\"elementor-column elementor-col-50 elementor-top-column elementor-element elementor-element-52c00fa\" data-id=\"52c00fa\" data-element_type=\"column\">\n\t\t\t<div class=\"elementor-widget-wrap elementor-element-populated\">\n\t\t\t\t\t\t<div class=\"elementor-element elementor-element-4f9b852 elementor-widget__width-initial elementor-widget-tablet__width-inherit elementor-widget-mobile__width-inherit elementor-widget elementor-widget-ova_heading\" data-id=\"4f9b852\" data-element_type=\"widget\" data-widget_type=\"ova_heading.default\">\n\t\t\t\t<div class=\"elementor-widget-container\">\n\t\t\t\t\t<div class=\"ova-heading version_1\">\n\t\t\t\t\t\t\t\t\t\t<h3 class=\"heading-title second_font\">Earth Caravan 2020:<\/h3>\n\t\t\t\t\t\t\t\t\t\t<div class=\"content\">\n\t\t\t\t\t<h2>Eine weltweite Pilgerreise f\u00fcr Frieden und Gerechtigkeit<\/h2><p>2020 repr\u00e4sentiert den 75. Jahrestag der Atombomben \u00fcber Hiroshima und Nagasaki. Eine milit\u00e4rischer \u00dcbergriff auf unschuldige Zivilisten, die in einem Augenblick hunderttausende Frauen, Kinder und alte Menschen t\u00f6tete.  Die \u00dcberlebenden der Atombombe setzen sich bis heute weltweit f\u00fcr Frieden ein.<\/p>\t\t\t\t<\/div>\n\t\t\t\t\t<\/div>\n\t\t\t\t<\/div>\n\t\t\t\t<\/div>\n\t\t\t\t\t<\/div>\n\t\t<\/div>\n\t\t\t\t<div class=\"elementor-column elementor-col-50 elementor-top-column elementor-element elementor-element-879ab73\" data-id=\"879ab73\" data-element_type=\"column\" data-settings=\"{&quot;background_background&quot;:&quot;classic&quot;}\">\n\t\t\t<div class=\"elementor-widget-wrap elementor-element-populated\">\n\t\t\t\t\t\t<div class=\"elementor-element elementor-element-7b465d6 elementor-widget elementor-widget-spacer\" data-id=\"7b465d6\" data-element_type=\"widget\" data-widget_type=\"spacer.default\">\n\t\t\t\t<div class=\"elementor-widget-container\">\n\t\t\t\t\t<div class=\"elementor-spacer\">\n\t\t\t<div class=\"elementor-spacer-inner\"><\/div>\n\t\t<\/div>\n\t\t\t\t<\/div>\n\t\t\t\t<\/div>\n\t\t\t\t\t<\/div>\n\t\t<\/div>\n\t\t\t\t\t<\/div>\n\t\t<\/section>\n\t\t\t\t<\/div>","protected":false},"excerpt":{"rendered":"<p>Earth Caravan 2020: A Global Pilgrimage for Peace and Justice 2020 represents the 75th anniversary of the atomic bombings of Hiroshima and Nagasaki &#8211; military attacks on innocent civilians that instantly killed hundreds of thousands of women, children, and the elderly.<\/p>","protected":false},"author":1,"featured_media":2327,"parent":0,"menu_order":0,"comment_status":"closed","ping_status":"closed","template":"elementor_header_footer","meta":{"_monsterinsights_skip_tracking":false,"_monsterinsights_sitenote_active":false,"_monsterinsights_sitenote_note":"","_monsterinsights_sitenote_category":0},"aioseo_notices":[],"_links":{"self":[{"href":"https:\/\/earthcaravan.net\/de\/wp-json\/wp\/v2\/pages\/2483"}],"collection":[{"href":"https:\/\/earthcaravan.net\/de\/wp-json\/wp\/v2\/pages"}],"about":[{"href":"https:\/\/earthcaravan.net\/de\/wp-json\/wp\/v2\/types\/page"}],"author":[{"embeddable":true,"href":"https:\/\/earthcaravan.net\/de\/wp-json\/wp\/v2\/users\/1"}],"replies":[{"embeddable":true,"href":"https:\/\/earthcaravan.net\/de\/wp-json\/wp\/v2\/comments?post=2483"}],"version-history":[{"count":10,"href":"https:\/\/earthcaravan.net\/de\/wp-json\/wp\/v2\/pages\/2483\/revisions"}],"predecessor-version":[{"id":3828,"href":"https:\/\/earthcaravan.net\/de\/wp-json\/wp\/v2\/pages\/2483\/revisions\/3828"}],"wp:featuredmedia":[{"embeddable":true,"href":"https:\/\/earthcaravan.net\/de\/wp-json\/wp\/v2\/media\/2327"}],"wp:attachment":[{"href":"https:\/\/earthcaravan.net\/de\/wp-json\/wp\/v2\/media?parent=2483"}],"curies":[{"name":"wp","href":"https:\/\/api.w.org\/{rel}","templated":true}]}}