{"id":3751,"date":"2020-03-21T12:08:33","date_gmt":"2020-03-21T16:08:33","guid":{"rendered":"https:\/\/earthcaravan.net\/?page_id=3751"},"modified":"2020-03-21T12:32:33","modified_gmt":"2020-03-21T16:32:33","slug":"donate","status":"publish","type":"page","link":"https:\/\/earthcaravan.net\/de\/donate\/","title":{"rendered":"Donate"},"content":{"rendered":"<div data-elementor-type=\"wp-page\" data-elementor-id=\"3751\" class=\"elementor elementor-3751\" data-elementor-post-type=\"page\">\n\t\t\t\t\t\t<section class=\"elementor-section elementor-top-section elementor-element elementor-element-2fa536b elementor-section-boxed elementor-section-height-default elementor-section-height-default\" data-id=\"2fa536b\" data-element_type=\"section\">\n\t\t\t\t\t\t<div class=\"elementor-container elementor-column-gap-default\">\n\t\t\t\t\t<div class=\"elementor-column elementor-col-100 elementor-top-column elementor-element elementor-element-afd4630\" data-id=\"afd4630\" data-element_type=\"column\">\n\t\t\t<div class=\"elementor-widget-wrap elementor-element-populated\">\n\t\t\t\t\t\t<div class=\"elementor-element elementor-element-f2e652e elementor-widget elementor-widget-ova_give_donations\" data-id=\"f2e652e\" data-element_type=\"widget\" data-widget_type=\"ova_give_donations.default\">\n\t\t\t\t<div class=\"elementor-widget-container\">\n\t\t\t\t\t\t<div class=\"element_give_donations\">\n\n\t\t\t\t<div class=\"archive_give_donation\">\n\t\t\t\t\t<div class=\"summary\">\n\t\t\t\t\t\t<div class=\"wrap_summary column_3\">\n\t\t\t\t\t\t\t\t\t\t\t\t\t\t\t\t\t\t\t\t\t\t\t<div class=\"give_detail\">\n\n\t\t\t\t\t\t\t\t\t<div class=\"image_future\">\n\t\t\t\t\t\t\t\t\t\t<div class=\"thumbnail\">\n\t\t\t\t\t\t\t\t\t\t\t\t\t\t\t\t\t\t\t\t\t<\/div>\n\n\t\t\t\t\t\t\t\t\t\t<div class=\"media\">\n\t\t\t\t\t\t\t\t\t\t\t<ul style=\"display: none;\">\n\t\t\t\t\t\t\t\t\t\t\t\t\t\t\t\t\t\t\t\t\t\t\t<\/ul>\n\t\t\t\t\t\t\t\t\t\t\t<a href=\"javascript:;\" data-fancybox-trigger=\"3702\" class=\"gallery\"><i class=\"icon_images\"><\/i><\/a>\n\t\t\t\t\t\t\t\t\t\t\t<a href=\"javascript:;\" class=\"video\"><i class=\"icon_film\"><\/i><\/a>\n\t\t\t\t\t\t\t\t\t\t<\/div>\n\n\t\t\t\t\t\t\t\t\t\t\t\t\t\t\t\t\t\t\t<\/div>\n\t\t\t\t\t\t\t\t\t\n\t\t\t\t\t\t\t\t\t<div class=\"detail_body\">\n\n\t\t\t\t\t\t\t\t\t\t<h3 class=\"second_font title\"><a href=\"https:\/\/earthcaravan.net\/de\/donations\/palestine\/\">Pal\u00e4stina<\/a><\/h3>\n\n\t\t\t\t\t\t\t\t\t\t<p class=\"desc\">An ongoing crisis in Gaza has left millions without access to clean drinking water. An issue stemming from both compromised water quality and quantity, only a small percent of Gaza\u2019s population has access to safe drinking water. <\/p>\n\n\t\t\t\t\t\t\t\t\t\t<div class=\"donate_remaining\">\n\t\t\t\t\t\t\t\t\t\t\t<a href=\"https:\/\/earthcaravan.net\/de\/donations\/palestine\/\" class=\"donate second_font\">DU Z\u00c4HLST!<\/a>\n\n\t\t\t\t\t\t\t\t\t\t\t\t\t\t\t\t\t\t\t\t\t\t\t<div class=\"time_remaining\">\n\t\t\t\t\t\t\t\t\t\t\t\t\tClose\t\t\t\t\t\t\t\t\t\t\t\t<\/div>\n\t\t\t\t\t\t\t\t\t\t\t\t\t\t\t\t\t\t\t\t\t<\/div>\n\n\t\t\t\t\t\t\t\t\t\t<div class=\"raised\">\n\t\t\t\t\t\t\t\t\t\t\t<div class=\"income\">\n\t\t\t\t\t\t\t\t\t\t\t\t<span class=\"second_font\">Raised<\/span>\n\t\t\t\t\t\t\t\t\t\t\t\t<span>&#036;20.00<\/span>\n\t\t\t\t\t\t\t\t\t\t\t<\/div>\n\n\t\t\t\t\t\t\t\t\t\t\t\n\t\t\t\t\t\t\t\t\t\t\t<div class=\"donor\">\n\t\t\t\t\t\t\t\t\t\t\t\t<span class=\"second_font\">Donor<\/span>\n\t\t\t\t\t\t\t\t\t\t\t\t<span>1<\/span>\n\t\t\t\t\t\t\t\t\t\t\t<\/div>\n\t\t\t\t\t\t\t\t\t\t<\/div>\n\t\t\t\t\t\t\t\t\t<\/div>\n\t\t\t\t\t\t\t\t<\/div>\n\t\t\t\t\t\t\t\t\t\t\t\t\t\t\t\t\t\t\t\t\t\t\t<div class=\"give_detail\">\n\n\t\t\t\t\t\t\t\t\t<div class=\"image_future\">\n\t\t\t\t\t\t\t\t\t\t<div class=\"thumbnail\">\n\t\t\t\t\t\t\t\t\t\t\t\t\t\t\t\t\t\t\t\t\t<\/div>\n\n\t\t\t\t\t\t\t\t\t\t<div class=\"media\">\n\t\t\t\t\t\t\t\t\t\t\t<ul style=\"display: none;\">\n\t\t\t\t\t\t\t\t\t\t\t\t\t\t\t\t\t\t\t\t\t\t\t<\/ul>\n\t\t\t\t\t\t\t\t\t\t\t<a href=\"javascript:;\" data-fancybox-trigger=\"4015\" class=\"gallery\"><i class=\"icon_images\"><\/i><\/a>\n\t\t\t\t\t\t\t\t\t\t\t<a href=\"javascript:;\" class=\"video\"><i class=\"icon_film\"><\/i><\/a>\n\t\t\t\t\t\t\t\t\t\t<\/div>\n\n\t\t\t\t\t\t\t\t\t\t\t\t\t\t\t\t\t\t\t\t\t<div class=\"progress\">\n\t\t\t\t\t\t\t\t\t\t\t\t\t\t\t\t\t\t\t\t\t\t\t\t\t<span class=\"wrap_percentage_1\" style=\"width: 20.1%; \">\n\t\t\t\t\t\t\t\t\t\t\t\t\t\t<span class=\"percentage\">20.1%<\/span>\n\t\t\t\t\t\t\t\t\t\t\t\t\t<\/span>\n\t\t\t\t\t\t\t\t\t\t\t\t\n\t\t\t\t\t\t\t\t\t\t\t<\/div>\n\t\t\t\t\t\t\t\t\t\t\t\t\t\t\t\t\t\t\t<\/div>\n\t\t\t\t\t\t\t\t\t\n\t\t\t\t\t\t\t\t\t<div class=\"detail_body\">\n\n\t\t\t\t\t\t\t\t\t\t<h3 class=\"second_font title\"><a href=\"https:\/\/earthcaravan.net\/de\/donations\/donate-for-palestine-3\/\">Al Aqaba<\/a><\/h3>\n\n\t\t\t\t\t\t\t\t\t\t<p class=\"desc\">Earth Caravan Nothilfe! \nWir brauchen eure Unterst\u00fctzung f\u00fcr die kommenden 3 Monate - April, Mai, Juni! Das pal\u00e4stinensische Dorf Al Aqaba im Jordantal bittet um Nahrungsmittel! \n\nHaj Sami, B\u00fcrgermeister von Al Aqaba und Friedensaktivist sendet einen Hilferuf: mit nur 50\u20ac k\u00f6nnen t\u00e4glich 60 Familien mit Brotfladen versorgt werden. \nDie Coronavirus Krise verst\u00e4rkt die dramatische Situation von milit\u00e4rischer Unterdr\u00fcckung und Apartheid in Pal\u00e4stina.<\/p>\n\n\t\t\t\t\t\t\t\t\t\t<div class=\"donate_remaining\">\n\t\t\t\t\t\t\t\t\t\t\t<a href=\"https:\/\/earthcaravan.net\/de\/donations\/donate-for-palestine-3\/\" class=\"donate second_font\">DU Z\u00c4HLST!<\/a>\n\n\t\t\t\t\t\t\t\t\t\t\t\t\t\t\t\t\t\t\t\t\t\t\t<div class=\"time_remaining\">\n\t\t\t\t\t\t\t\t\t\t\t\t\tClose\t\t\t\t\t\t\t\t\t\t\t\t<\/div>\n\t\t\t\t\t\t\t\t\t\t\t\t\t\t\t\t\t\t\t\t\t<\/div>\n\n\t\t\t\t\t\t\t\t\t\t<div class=\"raised\">\n\t\t\t\t\t\t\t\t\t\t\t<div class=\"income\">\n\t\t\t\t\t\t\t\t\t\t\t\t<span class=\"second_font\">Raised<\/span>\n\t\t\t\t\t\t\t\t\t\t\t\t<span>&#036;1,005.00<\/span>\n\t\t\t\t\t\t\t\t\t\t\t<\/div>\n\n\t\t\t\t\t\t\t\t\t\t\t\t\t\t\t\t\t\t\t\t\t\t\t<div class=\"goal\">\n\t\t\t\t\t\t\t\t\t\t\t\t\t<span class=\"second_font\">Goal<\/span>\n\t\t\t\t\t\t\t\t\t\t\t\t\t<span>&#036;5,000.00<\/span>\n\t\t\t\t\t\t\t\t\t\t\t\t<\/div>\n\t\t\t\t\t\t\t\t\t\t\t\n\t\t\t\t\t\t\t\t\t\t\t<div class=\"donor\">\n\t\t\t\t\t\t\t\t\t\t\t\t<span class=\"second_font\">Donor<\/span>\n\t\t\t\t\t\t\t\t\t\t\t\t<span>27<\/span>\n\t\t\t\t\t\t\t\t\t\t\t<\/div>\n\t\t\t\t\t\t\t\t\t\t<\/div>\n\t\t\t\t\t\t\t\t\t<\/div>\n\t\t\t\t\t\t\t\t<\/div>\n\t\t\t\t\t\t\t\t\t\t\t\t\t\t\t\t\t\t\t\t\t\t\t<div class=\"give_detail\">\n\n\t\t\t\t\t\t\t\t\t<div class=\"image_future\">\n\t\t\t\t\t\t\t\t\t\t<div class=\"thumbnail\">\n\t\t\t\t\t\t\t\t\t\t\t\t\t\t\t\t\t\t\t\t\t<\/div>\n\n\t\t\t\t\t\t\t\t\t\t<div class=\"media\">\n\t\t\t\t\t\t\t\t\t\t\t<ul style=\"display: none;\">\n\t\t\t\t\t\t\t\t\t\t\t\t\t\t\t\t\t\t\t\t\t\t\t<\/ul>\n\t\t\t\t\t\t\t\t\t\t\t<a href=\"javascript:;\" data-fancybox-trigger=\"3918\" class=\"gallery\"><i class=\"icon_images\"><\/i><\/a>\n\t\t\t\t\t\t\t\t\t\t\t<a href=\"javascript:;\" class=\"video\"><i class=\"icon_film\"><\/i><\/a>\n\t\t\t\t\t\t\t\t\t\t<\/div>\n\n\t\t\t\t\t\t\t\t\t\t\t\t\t\t\t\t\t\t\t<\/div>\n\t\t\t\t\t\t\t\t\t\n\t\t\t\t\t\t\t\t\t<div class=\"detail_body\">\n\n\t\t\t\t\t\t\t\t\t\t<h3 class=\"second_font title\"><a href=\"https:\/\/earthcaravan.net\/de\/donations\/donate-for-palestine-2\/\">\u30a2\u30ab\u30d0\u6751<\/a><\/h3>\n\n\t\t\t\t\t\t\t\t\t\t<p class=\"desc\">An ongoing crisis in Gaza has left millions without access to clean drinking water. An issue stemming from both compromised water quality and quantity, only a small percent of Gaza\u2019s population has access to safe drinking water. <\/p>\n\n\t\t\t\t\t\t\t\t\t\t<div class=\"donate_remaining\">\n\t\t\t\t\t\t\t\t\t\t\t<a href=\"https:\/\/earthcaravan.net\/de\/donations\/donate-for-palestine-2\/\" class=\"donate second_font\">DU Z\u00c4HLST!<\/a>\n\n\t\t\t\t\t\t\t\t\t\t\t\t\t\t\t\t\t\t\t\t\t\t\t<div class=\"time_remaining\">\n\t\t\t\t\t\t\t\t\t\t\t\t\tClose\t\t\t\t\t\t\t\t\t\t\t\t<\/div>\n\t\t\t\t\t\t\t\t\t\t\t\t\t\t\t\t\t\t\t\t\t<\/div>\n\n\t\t\t\t\t\t\t\t\t\t<div class=\"raised\">\n\t\t\t\t\t\t\t\t\t\t\t<div class=\"income\">\n\t\t\t\t\t\t\t\t\t\t\t\t<span class=\"second_font\">Raised<\/span>\n\t\t\t\t\t\t\t\t\t\t\t\t<span>&#036;221.00<\/span>\n\t\t\t\t\t\t\t\t\t\t\t<\/div>\n\n\t\t\t\t\t\t\t\t\t\t\t\n\t\t\t\t\t\t\t\t\t\t\t<div class=\"donor\">\n\t\t\t\t\t\t\t\t\t\t\t\t<span class=\"second_font\">Donor<\/span>\n\t\t\t\t\t\t\t\t\t\t\t\t<span>6<\/span>\n\t\t\t\t\t\t\t\t\t\t\t<\/div>\n\t\t\t\t\t\t\t\t\t\t<\/div>\n\t\t\t\t\t\t\t\t\t<\/div>\n\t\t\t\t\t\t\t\t<\/div>\n\t\t\t\t\t\t\t\t\t\t\t\t\t<\/div>\n\t\t\t\t\t<\/div>\n\t\t\t\t<\/div>\n\t\t\t<\/div>\n\n\t\t\t\t\t<\/div>\n\t\t\t\t<\/div>\n\t\t\t\t\t<\/div>\n\t\t<\/div>\n\t\t\t\t\t<\/div>\n\t\t<\/section>\n\t\t\t\t<\/div>","protected":false},"excerpt":{"rendered":"<p>Nuclear Abolition The Hiroshima Flame has been burning constantly since the atomic bomb was dropped on Hiroshima in August of 1945. It is to be extinguished only when the threat of nuclear war and nuclear weapons is gone. Donate Now Close Raised &#036;0 Donor 0 Music for Hope The aim of the Music for Hope [&hellip;]<\/p>\n","protected":false},"author":4,"featured_media":0,"parent":0,"menu_order":0,"comment_status":"closed","ping_status":"closed","template":"elementor_header_footer","meta":{"_monsterinsights_skip_tracking":false,"_monsterinsights_sitenote_active":false,"_monsterinsights_sitenote_note":"","_monsterinsights_sitenote_category":0},"aioseo_notices":[],"_links":{"self":[{"href":"https:\/\/earthcaravan.net\/de\/wp-json\/wp\/v2\/pages\/3751"}],"collection":[{"href":"https:\/\/earthcaravan.net\/de\/wp-json\/wp\/v2\/pages"}],"about":[{"href":"https:\/\/earthcaravan.net\/de\/wp-json\/wp\/v2\/types\/page"}],"author":[{"embeddable":true,"href":"https:\/\/earthcaravan.net\/de\/wp-json\/wp\/v2\/users\/4"}],"replies":[{"embeddable":true,"href":"https:\/\/earthcaravan.net\/de\/wp-json\/wp\/v2\/comments?post=3751"}],"version-history":[{"count":2,"href":"https:\/\/earthcaravan.net\/de\/wp-json\/wp\/v2\/pages\/3751\/revisions"}],"predecessor-version":[{"id":3753,"href":"https:\/\/earthcaravan.net\/de\/wp-json\/wp\/v2\/pages\/3751\/revisions\/3753"}],"wp:attachment":[{"href":"https:\/\/earthcaravan.net\/de\/wp-json\/wp\/v2\/media?parent=3751"}],"curies":[{"name":"wp","href":"https:\/\/api.w.org\/{rel}","templated":true}]}}